{"id":5,"date":"2018-09-11T08:06:58","date_gmt":"2018-09-11T06:06:58","guid":{"rendered":"http:\/\/gwalt-pornografia-molestowanie.pl\/obronapodejrzanych\/?page_id=5"},"modified":"2018-11-19T10:24:47","modified_gmt":"2018-11-19T09:24:47","slug":"o-mnie","status":"publish","type":"page","link":"https:\/\/gwalt-pornografia-molestowanie.pl\/obronapodejrzanych\/o-mnie\/","title":{"rendered":"O mnie"},"content":{"rendered":"<p style=\"text-align: justify;\">Witam Ci\u0119 w moim blogu! Nazywam si\u0119 Tomasz Kazubski i jestem adwokatem. Rozpoczynaj\u0105c praktyk\u0119 adwokack\u0105 wiedzia\u0142em, \u017ce chc\u0119 zajmowa\u0107 si\u0119 sprawami karnymi. Nie s\u0105dzi\u0142em jednak, \u017ce b\u0119d\u0105 one dotyczy\u0142y przest\u0119pstw seksualnych.<span class=\"Apple-converted-space\">\u00a0<\/span><\/p>\n<p style=\"text-align: justify;\">Dlaczego zdecydowa\u0142em si\u0119 specjalizowa\u0107 w przest\u0119pstwach seksualnych. Z jednej strony dlatego, \u017ce nie warto walczy\u0107 z wiatrakami i skoro takie sprawy do mnie trafiaj\u0105 to trzeba si\u0119 nimi zajmowa\u0107. Z drugiej strony spraw tego typu jest naprawd\u0119 wiele, a specjalist\u00f3w z tej dziedziny niewielu. Kolejn\u0105 przyczyn\u0105 wynikaj\u0105c\u0105 z moich do\u015bwiadcze\u0144 jest specyfika zachowa\u0144 organ\u00f3w: prokuratury, kt\u00f3ra oskar\u017ca ponad to, co wynika z dowod\u00f3w i s\u0105dy, kt\u00f3re boj\u0105 si\u0119 stosowa\u0107 inne \u015brodki zapobiegawcze ni\u017c areszt. W tej trudnej rzeczywisto\u015bci trzeba dzia\u0142a\u0107.<\/p>\n<p style=\"text-align: justify;\">W przypadku pyta\u0144 czy w\u0105tpliwo\u015bci zach\u0119cam Ci\u0119 do bezpo\u015bredniego kontaktu ze mn\u0105. Dane kontaktowe znajdziesz na stronie <a href=\"http:\/\/gwalt-pornografia-molestowanie.pl\/obronapodejrzanych\/kontakt\/\" target=\"_blank\" rel=\"noopener\">Kontakt &gt;&gt;<\/a><\/p>\n<p style=\"text-align: center;\">*****<\/p>\n","protected":false},"excerpt":{"rendered":"<p>Witam Ci\u0119 w moim blogu! Nazywam si\u0119 Tomasz Kazubski i jestem adwokatem. Rozpoczynaj\u0105c praktyk\u0119 adwokack\u0105 wiedzia\u0142em, \u017ce chc\u0119 zajmowa\u0107 si\u0119 sprawami karnymi. Nie s\u0105dzi\u0142em jednak, \u017ce b\u0119d\u0105 one dotyczy\u0142y przest\u0119pstw seksualnych.\u00a0 Dlaczego zdecydowa\u0142em si\u0119 specjalizowa\u0107 w przest\u0119pstwach seksualnych. Z jednej strony dlatego, \u017ce nie warto walczy\u0107 z wiatrakami i skoro takie sprawy do mnie trafiaj\u0105 [&hellip;]<\/p>\n","protected":false},"author":1,"featured_media":0,"parent":0,"menu_order":0,"comment_status":"closed","ping_status":"closed","template":"","meta":{"jetpack_post_was_ever_published":false,"footnotes":""},"class_list":["post-5","page","type-page","status-publish","hentry"],"yoast_head":"<!-- This site is optimized with the Yoast SEO plugin v27.2 - https:\/\/yoast.com\/product\/yoast-seo-wordpress\/ -->\n<title>Tomasz Kazubski - Obrona podejrzanych w przest\u0119pstwach seksualnych<\/title>\n<meta name=\"description\" content=\"Rozpoczynaj\u0105c praktyk\u0119 adwokack\u0105 Tomasz Kazubski wiedzia\u0142em, \u017ce chc\u0119 zajmowa\u0107 si\u0119 sprawami karnymi. Nie s\u0105dzi\u0142em jednak, \u017ce b\u0119d\u0105 one dotyczy\u0142y przest\u0119pstw seksualnych.\u00a0\" \/>\n<meta name=\"robots\" content=\"index, follow, max-snippet:-1, max-image-preview:large, max-video-preview:-1\" \/>\n<link rel=\"canonical\" href=\"https:\/\/gwalt-pornografia-molestowanie.pl\/obronapodejrzanych\/o-mnie\/\" \/>\n<meta property=\"og:locale\" content=\"pl_PL\" \/>\n<meta property=\"og:type\" content=\"article\" \/>\n<meta property=\"og:title\" content=\"Tomasz Kazubski - Obrona podejrzanych w przest\u0119pstwach seksualnych\" \/>\n<meta property=\"og:description\" content=\"Rozpoczynaj\u0105c praktyk\u0119 adwokack\u0105 Tomasz Kazubski wiedzia\u0142em, \u017ce chc\u0119 zajmowa\u0107 si\u0119 sprawami karnymi. Nie s\u0105dzi\u0142em jednak, \u017ce b\u0119d\u0105 one dotyczy\u0142y przest\u0119pstw seksualnych.\u00a0\" \/>\n<meta property=\"og:url\" content=\"https:\/\/gwalt-pornografia-molestowanie.pl\/obronapodejrzanych\/o-mnie\/\" \/>\n<meta property=\"og:site_name\" content=\"Obrona podejrzanych\" \/>\n<meta property=\"article:modified_time\" content=\"2018-11-19T09:24:47+00:00\" \/>\n<meta name=\"twitter:card\" content=\"summary_large_image\" \/>\n<meta name=\"twitter:label1\" content=\"Szacowany czas czytania\" \/>\n\t<meta name=\"twitter:data1\" content=\"1 minuta\" \/>\n<script type=\"application\/ld+json\" class=\"yoast-schema-graph\">{\"@context\":\"https:\/\/schema.org\",\"@graph\":[{\"@type\":\"WebPage\",\"@id\":\"https:\/\/gwalt-pornografia-molestowanie.pl\/obronapodejrzanych\/o-mnie\/\",\"url\":\"https:\/\/gwalt-pornografia-molestowanie.pl\/obronapodejrzanych\/o-mnie\/\",\"name\":\"Tomasz Kazubski - Obrona podejrzanych w przest\u0119pstwach seksualnych\",\"isPartOf\":{\"@id\":\"https:\/\/gwalt-pornografia-molestowanie.pl\/obronapodejrzanych\/#website\"},\"datePublished\":\"2018-09-11T06:06:58+00:00\",\"dateModified\":\"2018-11-19T09:24:47+00:00\",\"description\":\"Rozpoczynaj\u0105c praktyk\u0119 adwokack\u0105 Tomasz Kazubski wiedzia\u0142em, \u017ce chc\u0119 zajmowa\u0107 si\u0119 sprawami karnymi. Nie s\u0105dzi\u0142em jednak, \u017ce b\u0119d\u0105 one dotyczy\u0142y przest\u0119pstw seksualnych.\u00a0\",\"breadcrumb\":{\"@id\":\"https:\/\/gwalt-pornografia-molestowanie.pl\/obronapodejrzanych\/o-mnie\/#breadcrumb\"},\"inLanguage\":\"pl-PL\",\"potentialAction\":[{\"@type\":\"ReadAction\",\"target\":[\"https:\/\/gwalt-pornografia-molestowanie.pl\/obronapodejrzanych\/o-mnie\/\"]}]},{\"@type\":\"BreadcrumbList\",\"@id\":\"https:\/\/gwalt-pornografia-molestowanie.pl\/obronapodejrzanych\/o-mnie\/#breadcrumb\",\"itemListElement\":[{\"@type\":\"ListItem\",\"position\":1,\"name\":\"Strona g\u0142\u00f3wna\",\"item\":\"https:\/\/gwalt-pornografia-molestowanie.pl\/obronapodejrzanych\/\"},{\"@type\":\"ListItem\",\"position\":2,\"name\":\"O mnie\"}]},{\"@type\":\"WebSite\",\"@id\":\"https:\/\/gwalt-pornografia-molestowanie.pl\/obronapodejrzanych\/#website\",\"url\":\"https:\/\/gwalt-pornografia-molestowanie.pl\/obronapodejrzanych\/\",\"name\":\"Obrona podejrzanych\",\"description\":\"czyli jak walczy\u0107 w beznadziejnej sytuacji\",\"potentialAction\":[{\"@type\":\"SearchAction\",\"target\":{\"@type\":\"EntryPoint\",\"urlTemplate\":\"https:\/\/gwalt-pornografia-molestowanie.pl\/obronapodejrzanych\/?s={search_term_string}\"},\"query-input\":{\"@type\":\"PropertyValueSpecification\",\"valueRequired\":true,\"valueName\":\"search_term_string\"}}],\"inLanguage\":\"pl-PL\"}]}<\/script>\n<!-- \/ Yoast SEO plugin. -->","yoast_head_json":{"title":"Tomasz Kazubski - Obrona podejrzanych w przest\u0119pstwach seksualnych","description":"Rozpoczynaj\u0105c praktyk\u0119 adwokack\u0105 Tomasz Kazubski wiedzia\u0142em, \u017ce chc\u0119 zajmowa\u0107 si\u0119 sprawami karnymi. Nie s\u0105dzi\u0142em jednak, \u017ce b\u0119d\u0105 one dotyczy\u0142y przest\u0119pstw seksualnych.\u00a0","robots":{"index":"index","follow":"follow","max-snippet":"max-snippet:-1","max-image-preview":"max-image-preview:large","max-video-preview":"max-video-preview:-1"},"canonical":"https:\/\/gwalt-pornografia-molestowanie.pl\/obronapodejrzanych\/o-mnie\/","og_locale":"pl_PL","og_type":"article","og_title":"Tomasz Kazubski - Obrona podejrzanych w przest\u0119pstwach seksualnych","og_description":"Rozpoczynaj\u0105c praktyk\u0119 adwokack\u0105 Tomasz Kazubski wiedzia\u0142em, \u017ce chc\u0119 zajmowa\u0107 si\u0119 sprawami karnymi. Nie s\u0105dzi\u0142em jednak, \u017ce b\u0119d\u0105 one dotyczy\u0142y przest\u0119pstw seksualnych.\u00a0","og_url":"https:\/\/gwalt-pornografia-molestowanie.pl\/obronapodejrzanych\/o-mnie\/","og_site_name":"Obrona podejrzanych","article_modified_time":"2018-11-19T09:24:47+00:00","twitter_card":"summary_large_image","twitter_misc":{"Szacowany czas czytania":"1 minuta"},"schema":{"@context":"https:\/\/schema.org","@graph":[{"@type":"WebPage","@id":"https:\/\/gwalt-pornografia-molestowanie.pl\/obronapodejrzanych\/o-mnie\/","url":"https:\/\/gwalt-pornografia-molestowanie.pl\/obronapodejrzanych\/o-mnie\/","name":"Tomasz Kazubski - Obrona podejrzanych w przest\u0119pstwach seksualnych","isPartOf":{"@id":"https:\/\/gwalt-pornografia-molestowanie.pl\/obronapodejrzanych\/#website"},"datePublished":"2018-09-11T06:06:58+00:00","dateModified":"2018-11-19T09:24:47+00:00","description":"Rozpoczynaj\u0105c praktyk\u0119 adwokack\u0105 Tomasz Kazubski wiedzia\u0142em, \u017ce chc\u0119 zajmowa\u0107 si\u0119 sprawami karnymi. Nie s\u0105dzi\u0142em jednak, \u017ce b\u0119d\u0105 one dotyczy\u0142y przest\u0119pstw seksualnych.\u00a0","breadcrumb":{"@id":"https:\/\/gwalt-pornografia-molestowanie.pl\/obronapodejrzanych\/o-mnie\/#breadcrumb"},"inLanguage":"pl-PL","potentialAction":[{"@type":"ReadAction","target":["https:\/\/gwalt-pornografia-molestowanie.pl\/obronapodejrzanych\/o-mnie\/"]}]},{"@type":"BreadcrumbList","@id":"https:\/\/gwalt-pornografia-molestowanie.pl\/obronapodejrzanych\/o-mnie\/#breadcrumb","itemListElement":[{"@type":"ListItem","position":1,"name":"Strona g\u0142\u00f3wna","item":"https:\/\/gwalt-pornografia-molestowanie.pl\/obronapodejrzanych\/"},{"@type":"ListItem","position":2,"name":"O mnie"}]},{"@type":"WebSite","@id":"https:\/\/gwalt-pornografia-molestowanie.pl\/obronapodejrzanych\/#website","url":"https:\/\/gwalt-pornografia-molestowanie.pl\/obronapodejrzanych\/","name":"Obrona podejrzanych","description":"czyli jak walczy\u0107 w beznadziejnej sytuacji","potentialAction":[{"@type":"SearchAction","target":{"@type":"EntryPoint","urlTemplate":"https:\/\/gwalt-pornografia-molestowanie.pl\/obronapodejrzanych\/?s={search_term_string}"},"query-input":{"@type":"PropertyValueSpecification","valueRequired":true,"valueName":"search_term_string"}}],"inLanguage":"pl-PL"}]}},"jetpack_shortlink":"https:\/\/wp.me\/PafRNl-5","jetpack_sharing_enabled":true,"_links":{"self":[{"href":"https:\/\/gwalt-pornografia-molestowanie.pl\/obronapodejrzanych\/wp-json\/wp\/v2\/pages\/5","targetHints":{"allow":["GET"]}}],"collection":[{"href":"https:\/\/gwalt-pornografia-molestowanie.pl\/obronapodejrzanych\/wp-json\/wp\/v2\/pages"}],"about":[{"href":"https:\/\/gwalt-pornografia-molestowanie.pl\/obronapodejrzanych\/wp-json\/wp\/v2\/types\/page"}],"author":[{"embeddable":true,"href":"https:\/\/gwalt-pornografia-molestowanie.pl\/obronapodejrzanych\/wp-json\/wp\/v2\/users\/1"}],"replies":[{"embeddable":true,"href":"https:\/\/gwalt-pornografia-molestowanie.pl\/obronapodejrzanych\/wp-json\/wp\/v2\/comments?post=5"}],"version-history":[{"count":4,"href":"https:\/\/gwalt-pornografia-molestowanie.pl\/obronapodejrzanych\/wp-json\/wp\/v2\/pages\/5\/revisions"}],"predecessor-version":[{"id":43,"href":"https:\/\/gwalt-pornografia-molestowanie.pl\/obronapodejrzanych\/wp-json\/wp\/v2\/pages\/5\/revisions\/43"}],"wp:attachment":[{"href":"https:\/\/gwalt-pornografia-molestowanie.pl\/obronapodejrzanych\/wp-json\/wp\/v2\/media?parent=5"}],"curies":[{"name":"wp","href":"https:\/\/api.w.org\/{rel}","templated":true}]}}