{"id":7,"date":"2018-09-11T08:07:04","date_gmt":"2018-09-11T06:07:04","guid":{"rendered":"http:\/\/gwalt-pornografia-molestowanie.pl\/obronapodejrzanych\/?page_id=7"},"modified":"2018-11-19T10:26:51","modified_gmt":"2018-11-19T09:26:51","slug":"o-blogu","status":"publish","type":"page","link":"https:\/\/gwalt-pornografia-molestowanie.pl\/obronapodejrzanych\/o-blogu\/","title":{"rendered":"O blogu"},"content":{"rendered":"<p style=\"text-align: justify;\">Okazuje si\u0119, \u017ce zadanie stoj\u0105ce przed obro\u0144c\u0105 w sprawach dotycz\u0105cych przest\u0119pstw seksualnych jest bardzo trudne. Sekwencja zdarze\u0144 jest najcz\u0119\u015bciej taka: najpierw ofiara opowiada o zdarzeniu komu\u015b z rodziny lub osobie zaufanej. To ta druga osoba zawiadamia Policj\u0119. Przes\u0142uchiwani s\u0105 inni \u015bwiadkowie, nast\u0119pnie osoba pokrzywdzona od razu przes\u0142uchiwana jest przez s\u0105d. Przes\u0142uchanie powinno by\u0107 na tyle szczeg\u00f3\u0142owe, aby co do zasady nie by\u0142o potrzeby przes\u0142uchiwa\u0107 takiej osoby ponownie.<span class=\"Apple-converted-space\">\u00a0<\/span><\/p>\n<p style=\"text-align: justify;\">Nast\u0119pnie zostaje zatrzymany sprawca, przeszukanie, zarzuty i d\u0142ugi areszt. Dopiero na tym etapie pojawia si\u0119 obro\u0144ca, kiedy prawie wszystkie dowody zosta\u0142y przeprowadzone, zwykle w zamy\u015ble prokuratury pozostaj\u0105 jedynie opinie bieg\u0142ych. W tej trudnej sytuacji musi dzia\u0142a\u0107 obro\u0144ca. Jest wiele trudnych zada\u0144: areszt, za\u0142amanie psychiczne rodziny i najtrudniejsze to, \u017ce co do zasady nie mo\u017cna ju\u017c przes\u0142ucha\u0107 osoby pokrzywdzonej. Dopiero na etapie post\u0119powania przed s\u0105dem zwykle daje si\u0119 przekona\u0107 s\u0105d, aby uzupe\u0142niaj\u0105co przes\u0142ucha\u0107 osob\u0119 pokrzywdzon\u0105. Mo\u017cna wtedy tylko rozwia\u0107 wszelkie w\u0105tpliwo\u015bci, kt\u00f3re si\u0119 pojawi\u0105, ale nie mo\u017cna przeprowadzi\u0107 przes\u0142uchania od pocz\u0105tku do ko\u0144ca.<\/p>\n<p style=\"text-align: justify;\">Ten blog b\u0119dzie o wszystkich powy\u017cszych aspektach: obronie, areszcie, opiniach bieg\u0142ych, sprawdzaniu wiarygodno\u015bci \u015bwiadk\u00f3w, walce o uniewinnienie lub stosunkowo \u0142agodny wymiar kary.<\/p>\n<p>W przypadku pyta\u0144 czy w\u0105tpliwo\u015bci zach\u0119cam Ci\u0119 do bezpo\u015bredniego kontaktu ze mn\u0105. Dane kontaktowe znajdziesz na stronie <a href=\"http:\/\/gwalt-pornografia-molestowanie.pl\/obronapodejrzanych\/kontakt\/\" target=\"_blank\" rel=\"noopener\">Kontakt &gt;&gt;<\/a><\/p>\n<p style=\"text-align: center;\">*****<\/p>\n","protected":false},"excerpt":{"rendered":"<p>Okazuje si\u0119, \u017ce zadanie stoj\u0105ce przed obro\u0144c\u0105 w sprawach dotycz\u0105cych przest\u0119pstw seksualnych jest bardzo trudne. Sekwencja zdarze\u0144 jest najcz\u0119\u015bciej taka: najpierw ofiara opowiada o zdarzeniu komu\u015b z rodziny lub osobie zaufanej. To ta druga osoba zawiadamia Policj\u0119. Przes\u0142uchiwani s\u0105 inni \u015bwiadkowie, nast\u0119pnie osoba pokrzywdzona od razu przes\u0142uchiwana jest przez s\u0105d. Przes\u0142uchanie powinno by\u0107 na tyle [&hellip;]<\/p>\n","protected":false},"author":1,"featured_media":0,"parent":0,"menu_order":0,"comment_status":"closed","ping_status":"closed","template":"","meta":{"jetpack_post_was_ever_published":false,"footnotes":""},"class_list":["post-7","page","type-page","status-publish","hentry"],"yoast_head":"<!-- This site is optimized with the Yoast SEO plugin v27.2 - https:\/\/yoast.com\/product\/yoast-seo-wordpress\/ -->\n<title>O blogu - Obrona podejrzanych<\/title>\n<meta name=\"robots\" content=\"index, follow, max-snippet:-1, max-image-preview:large, max-video-preview:-1\" \/>\n<link rel=\"canonical\" href=\"https:\/\/gwalt-pornografia-molestowanie.pl\/obronapodejrzanych\/o-blogu\/\" \/>\n<meta property=\"og:locale\" content=\"pl_PL\" \/>\n<meta property=\"og:type\" content=\"article\" \/>\n<meta property=\"og:title\" content=\"O blogu - Obrona podejrzanych\" \/>\n<meta property=\"og:description\" content=\"Okazuje si\u0119, \u017ce zadanie stoj\u0105ce przed obro\u0144c\u0105 w sprawach dotycz\u0105cych przest\u0119pstw seksualnych jest bardzo trudne. Sekwencja zdarze\u0144 jest najcz\u0119\u015bciej taka: najpierw ofiara opowiada o zdarzeniu komu\u015b z rodziny lub osobie zaufanej. To ta druga osoba zawiadamia Policj\u0119. Przes\u0142uchiwani s\u0105 inni \u015bwiadkowie, nast\u0119pnie osoba pokrzywdzona od razu przes\u0142uchiwana jest przez s\u0105d. Przes\u0142uchanie powinno by\u0107 na tyle [&hellip;]\" \/>\n<meta property=\"og:url\" content=\"https:\/\/gwalt-pornografia-molestowanie.pl\/obronapodejrzanych\/o-blogu\/\" \/>\n<meta property=\"og:site_name\" content=\"Obrona podejrzanych\" \/>\n<meta property=\"article:modified_time\" content=\"2018-11-19T09:26:51+00:00\" \/>\n<meta name=\"twitter:card\" content=\"summary_large_image\" \/>\n<meta name=\"twitter:label1\" content=\"Szacowany czas czytania\" \/>\n\t<meta name=\"twitter:data1\" content=\"1 minuta\" \/>\n<script type=\"application\/ld+json\" class=\"yoast-schema-graph\">{\"@context\":\"https:\/\/schema.org\",\"@graph\":[{\"@type\":\"WebPage\",\"@id\":\"https:\/\/gwalt-pornografia-molestowanie.pl\/obronapodejrzanych\/o-blogu\/\",\"url\":\"https:\/\/gwalt-pornografia-molestowanie.pl\/obronapodejrzanych\/o-blogu\/\",\"name\":\"O blogu - Obrona podejrzanych\",\"isPartOf\":{\"@id\":\"https:\/\/gwalt-pornografia-molestowanie.pl\/obronapodejrzanych\/#website\"},\"datePublished\":\"2018-09-11T06:07:04+00:00\",\"dateModified\":\"2018-11-19T09:26:51+00:00\",\"breadcrumb\":{\"@id\":\"https:\/\/gwalt-pornografia-molestowanie.pl\/obronapodejrzanych\/o-blogu\/#breadcrumb\"},\"inLanguage\":\"pl-PL\",\"potentialAction\":[{\"@type\":\"ReadAction\",\"target\":[\"https:\/\/gwalt-pornografia-molestowanie.pl\/obronapodejrzanych\/o-blogu\/\"]}]},{\"@type\":\"BreadcrumbList\",\"@id\":\"https:\/\/gwalt-pornografia-molestowanie.pl\/obronapodejrzanych\/o-blogu\/#breadcrumb\",\"itemListElement\":[{\"@type\":\"ListItem\",\"position\":1,\"name\":\"Strona g\u0142\u00f3wna\",\"item\":\"https:\/\/gwalt-pornografia-molestowanie.pl\/obronapodejrzanych\/\"},{\"@type\":\"ListItem\",\"position\":2,\"name\":\"O blogu\"}]},{\"@type\":\"WebSite\",\"@id\":\"https:\/\/gwalt-pornografia-molestowanie.pl\/obronapodejrzanych\/#website\",\"url\":\"https:\/\/gwalt-pornografia-molestowanie.pl\/obronapodejrzanych\/\",\"name\":\"Obrona podejrzanych\",\"description\":\"czyli jak walczy\u0107 w beznadziejnej sytuacji\",\"potentialAction\":[{\"@type\":\"SearchAction\",\"target\":{\"@type\":\"EntryPoint\",\"urlTemplate\":\"https:\/\/gwalt-pornografia-molestowanie.pl\/obronapodejrzanych\/?s={search_term_string}\"},\"query-input\":{\"@type\":\"PropertyValueSpecification\",\"valueRequired\":true,\"valueName\":\"search_term_string\"}}],\"inLanguage\":\"pl-PL\"}]}<\/script>\n<!-- \/ Yoast SEO plugin. -->","yoast_head_json":{"title":"O blogu - Obrona podejrzanych","robots":{"index":"index","follow":"follow","max-snippet":"max-snippet:-1","max-image-preview":"max-image-preview:large","max-video-preview":"max-video-preview:-1"},"canonical":"https:\/\/gwalt-pornografia-molestowanie.pl\/obronapodejrzanych\/o-blogu\/","og_locale":"pl_PL","og_type":"article","og_title":"O blogu - Obrona podejrzanych","og_description":"Okazuje si\u0119, \u017ce zadanie stoj\u0105ce przed obro\u0144c\u0105 w sprawach dotycz\u0105cych przest\u0119pstw seksualnych jest bardzo trudne. Sekwencja zdarze\u0144 jest najcz\u0119\u015bciej taka: najpierw ofiara opowiada o zdarzeniu komu\u015b z rodziny lub osobie zaufanej. To ta druga osoba zawiadamia Policj\u0119. Przes\u0142uchiwani s\u0105 inni \u015bwiadkowie, nast\u0119pnie osoba pokrzywdzona od razu przes\u0142uchiwana jest przez s\u0105d. Przes\u0142uchanie powinno by\u0107 na tyle [&hellip;]","og_url":"https:\/\/gwalt-pornografia-molestowanie.pl\/obronapodejrzanych\/o-blogu\/","og_site_name":"Obrona podejrzanych","article_modified_time":"2018-11-19T09:26:51+00:00","twitter_card":"summary_large_image","twitter_misc":{"Szacowany czas czytania":"1 minuta"},"schema":{"@context":"https:\/\/schema.org","@graph":[{"@type":"WebPage","@id":"https:\/\/gwalt-pornografia-molestowanie.pl\/obronapodejrzanych\/o-blogu\/","url":"https:\/\/gwalt-pornografia-molestowanie.pl\/obronapodejrzanych\/o-blogu\/","name":"O blogu - Obrona podejrzanych","isPartOf":{"@id":"https:\/\/gwalt-pornografia-molestowanie.pl\/obronapodejrzanych\/#website"},"datePublished":"2018-09-11T06:07:04+00:00","dateModified":"2018-11-19T09:26:51+00:00","breadcrumb":{"@id":"https:\/\/gwalt-pornografia-molestowanie.pl\/obronapodejrzanych\/o-blogu\/#breadcrumb"},"inLanguage":"pl-PL","potentialAction":[{"@type":"ReadAction","target":["https:\/\/gwalt-pornografia-molestowanie.pl\/obronapodejrzanych\/o-blogu\/"]}]},{"@type":"BreadcrumbList","@id":"https:\/\/gwalt-pornografia-molestowanie.pl\/obronapodejrzanych\/o-blogu\/#breadcrumb","itemListElement":[{"@type":"ListItem","position":1,"name":"Strona g\u0142\u00f3wna","item":"https:\/\/gwalt-pornografia-molestowanie.pl\/obronapodejrzanych\/"},{"@type":"ListItem","position":2,"name":"O blogu"}]},{"@type":"WebSite","@id":"https:\/\/gwalt-pornografia-molestowanie.pl\/obronapodejrzanych\/#website","url":"https:\/\/gwalt-pornografia-molestowanie.pl\/obronapodejrzanych\/","name":"Obrona podejrzanych","description":"czyli jak walczy\u0107 w beznadziejnej sytuacji","potentialAction":[{"@type":"SearchAction","target":{"@type":"EntryPoint","urlTemplate":"https:\/\/gwalt-pornografia-molestowanie.pl\/obronapodejrzanych\/?s={search_term_string}"},"query-input":{"@type":"PropertyValueSpecification","valueRequired":true,"valueName":"search_term_string"}}],"inLanguage":"pl-PL"}]}},"jetpack_shortlink":"https:\/\/wp.me\/PafRNl-7","jetpack_sharing_enabled":true,"_links":{"self":[{"href":"https:\/\/gwalt-pornografia-molestowanie.pl\/obronapodejrzanych\/wp-json\/wp\/v2\/pages\/7","targetHints":{"allow":["GET"]}}],"collection":[{"href":"https:\/\/gwalt-pornografia-molestowanie.pl\/obronapodejrzanych\/wp-json\/wp\/v2\/pages"}],"about":[{"href":"https:\/\/gwalt-pornografia-molestowanie.pl\/obronapodejrzanych\/wp-json\/wp\/v2\/types\/page"}],"author":[{"embeddable":true,"href":"https:\/\/gwalt-pornografia-molestowanie.pl\/obronapodejrzanych\/wp-json\/wp\/v2\/users\/1"}],"replies":[{"embeddable":true,"href":"https:\/\/gwalt-pornografia-molestowanie.pl\/obronapodejrzanych\/wp-json\/wp\/v2\/comments?post=7"}],"version-history":[{"count":2,"href":"https:\/\/gwalt-pornografia-molestowanie.pl\/obronapodejrzanych\/wp-json\/wp\/v2\/pages\/7\/revisions"}],"predecessor-version":[{"id":44,"href":"https:\/\/gwalt-pornografia-molestowanie.pl\/obronapodejrzanych\/wp-json\/wp\/v2\/pages\/7\/revisions\/44"}],"wp:attachment":[{"href":"https:\/\/gwalt-pornografia-molestowanie.pl\/obronapodejrzanych\/wp-json\/wp\/v2\/media?parent=7"}],"curies":[{"name":"wp","href":"https:\/\/api.w.org\/{rel}","templated":true}]}}