{"id":9,"date":"2018-09-11T08:07:09","date_gmt":"2018-09-11T06:07:09","guid":{"rendered":"http:\/\/gwalt-pornografia-molestowanie.pl\/obronapodejrzanych\/?page_id=9"},"modified":"2022-05-06T13:02:46","modified_gmt":"2022-05-06T11:02:46","slug":"kontakt","status":"publish","type":"page","link":"https:\/\/gwalt-pornografia-molestowanie.pl\/obronapodejrzanych\/kontakt\/","title":{"rendered":"Kontakt"},"content":{"rendered":"<h2 style=\"text-align: center;\">Adwokat Tomasz Kazubski<br \/>\nKancelaria Prawa Karnego<br \/>\nRybnik \/ Wodzis\u0142aw \u015al\u0105ski<\/h2>\n<p>&nbsp;<\/p>\n<p style=\"text-align: center;\">ul. Wa\u0142owa 31<br \/>\n44-300 Wodzis\u0142aw \u015al\u0105ski<\/p>\n<p>&nbsp;<\/p>\n<p style=\"text-align: center;\"><strong>Siedziba kancelarii w Rybniku:<\/strong><\/p>\n<p style=\"text-align: center;\">ul. Saint Vallier 4<br \/>\n44-200 Rybnik<\/p>\n<p>&nbsp;<\/p>\n<p style=\"text-align: center;\"><strong>tel.:<\/strong>: <a href=\"tel:602664686\"> +48 602 664 686<\/a><\/p>\n<p>&nbsp;<\/p>\n<p style=\"text-align: center;\"><a href=\"https:\/\/prawokarne.info\" target=\"_blank\" rel=\"noopener noreferrer\">www.prawokarne.info<\/a><\/p>\n<p>&nbsp;<\/p>\n<p style=\"text-align: center;\"><strong>e-mail<\/strong>: <a href=\"mailto:adwokat.kazubski@gmail.com\"> adwokat.kazubski@gmail.com<\/a><\/p>\n<p>&nbsp;<\/p>\n<p style=\"text-align: center;\">*****<\/p>\n<p style=\"text-align: center;\">Mo\u017cesz r\u00f3wnie\u017c skontaktowa\u0107 si\u0119 ze mn\u0105 poprzez poni\u017cszy formularz kontaktowy:<\/p>\n<p>&nbsp;<br \/>\n<center>\n<div class=\"wpcf7 no-js\" id=\"wpcf7-f23-o1\" lang=\"pl-PL\" dir=\"ltr\" data-wpcf7-id=\"23\">\n<div class=\"screen-reader-response\"><p role=\"status\" aria-live=\"polite\" aria-atomic=\"true\"><\/p> <ul><\/ul><\/div>\n<form action=\"\/obronapodejrzanych\/wp-json\/wp\/v2\/pages\/9#wpcf7-f23-o1\" method=\"post\" class=\"wpcf7-form init\" aria-label=\"Formularz kontaktowy\" novalidate=\"novalidate\" data-status=\"init\">\n<fieldset class=\"hidden-fields-container\"><input type=\"hidden\" name=\"_wpcf7\" value=\"23\" \/><input type=\"hidden\" name=\"_wpcf7_version\" value=\"6.1.5\" \/><input type=\"hidden\" name=\"_wpcf7_locale\" value=\"pl_PL\" \/><input type=\"hidden\" name=\"_wpcf7_unit_tag\" value=\"wpcf7-f23-o1\" \/><input type=\"hidden\" name=\"_wpcf7_container_post\" value=\"0\" \/><input type=\"hidden\" name=\"_wpcf7_posted_data_hash\" value=\"\" \/><input type=\"hidden\" name=\"_wpcf7_recaptcha_response\" value=\"\" \/>\n<\/fieldset>\n<div class=\"weblex-contact-form\">\n\t<div class=\"weblex-contact-form-row\">\n\t\t<p><i class=\"fas fa-user\"><\/i><span class=\"wpcf7-form-control-wrap\" data-name=\"your-name\"><input size=\"40\" maxlength=\"400\" class=\"wpcf7-form-control wpcf7-text wpcf7-validates-as-required\" aria-required=\"true\" aria-invalid=\"false\" placeholder=\"Imi\u0119 i nazwisko (wymagane)\" value=\"\" type=\"text\" name=\"your-name\" \/><\/span>\n\t\t<\/p>\n\t<\/div>\n\t<div class=\"weblex-contact-form-row\">\n\t\t<p><i class=\"fas fa-envelope\"><\/i><span class=\"wpcf7-form-control-wrap\" data-name=\"your-email\"><input size=\"40\" maxlength=\"400\" class=\"wpcf7-form-control wpcf7-email wpcf7-validates-as-required wpcf7-text wpcf7-validates-as-email\" aria-required=\"true\" aria-invalid=\"false\" placeholder=\"Tw\u00f3j e-mail (wymagane)\" value=\"\" type=\"email\" name=\"your-email\" \/><\/span>\n\t\t<\/p>\n\t<\/div>\n\t<div class=\"weblex-contact-form-row\">\n\t\t<p><i class=\"fas fa-phone-alt\"><\/i><span class=\"wpcf7-form-control-wrap\" data-name=\"tel-56\"><input size=\"40\" maxlength=\"400\" class=\"wpcf7-form-control wpcf7-tel wpcf7-text wpcf7-validates-as-tel\" aria-invalid=\"false\" placeholder=\"Tw\u00f3j telefon\" value=\"\" type=\"tel\" name=\"tel-56\" \/><\/span>\n\t\t<\/p>\n\t<\/div>\n\t<div class=\"weblex-contact-form-row\">\n\t\t<p><i class=\"fas fa-comment\"><\/i><span class=\"wpcf7-form-control-wrap\" data-name=\"your-message\"><textarea cols=\"40\" rows=\"10\" maxlength=\"2000\" class=\"wpcf7-form-control wpcf7-textarea\" aria-invalid=\"false\" placeholder=\"W czym mog\u0119 Ci pom\u00f3c?\" name=\"your-message\"><\/textarea><\/span>\n\t\t<\/p>\n\t<\/div>\n\t<div class=\"weblex-contact-form-row weblex-contact-form-submit\">\n\t\t<p><i class=\"fas fa-paper-plane\"><\/i><input class=\"wpcf7-form-control wpcf7-submit has-spinner\" type=\"submit\" value=\"Wy\u015blij\" \/>\n\t\t<\/p>\n\t<\/div>\n<\/div>\n<div class=\"clear\">\n<\/div>\n<p class=\"small-font weblex-contact-form-info\">Twoje dane osobowe b\u0119d\u0105 przetwarzane przez Adwokat Tomasz Kazubski Kancelaria Prawa Karnego Rybnik \/ Wodzis\u0142aw \u015al\u0105ski w celu obs\u0142ugi przes\u0142anego zapytania. Szczeg\u00f3\u0142y: <a href=\"https:\/\/gwalt-pornografia-molestowanie.pl\/obronapodejrzanych\/polityka-prywatnosci\/\">polityka prywatno\u015bci<\/a>.\n<\/p><p style=\"display: none !important;\" class=\"akismet-fields-container\" data-prefix=\"_wpcf7_ak_\"><label>&#916;<textarea name=\"_wpcf7_ak_hp_textarea\" cols=\"45\" rows=\"8\" maxlength=\"100\"><\/textarea><\/label><input type=\"hidden\" id=\"ak_js_1\" name=\"_wpcf7_ak_js\" value=\"128\"\/><script>document.getElementById( \"ak_js_1\" ).setAttribute( \"value\", ( new Date() ).getTime() );<\/script><\/p><div class=\"wpcf7-response-output\" aria-hidden=\"true\"><\/div>\n<\/form>\n<\/div>\n<\/center><br \/>\n&nbsp;<\/p>\n<p style=\"text-align: center;\">*****<\/p>\n<p style=\"text-align: center;\">Dojazd do kancelarii w Rybniku:<\/p>\n<p>&nbsp;<br \/>\n<center><iframe src=\"https:\/\/www.google.com\/maps\/embed?pb=!1m18!1m12!1m3!1d2559.520602278564!2d18.545138115718604!3d50.09526187942804!2m3!1f0!2f0!3f0!3m2!1i1024!2i768!4f13.1!3m3!1m2!1s0x47114ed6e2217eb1%3A0x26fafb1be8d3b08d!2sSaint%20Vallier%204%2C%2044-200%20Rybnik!5e0!3m2!1spl!2spl!4v1604492338775!5m2!1spl!2spl\" width=\"90%\" height=\"250\" frameborder=\"0\" style=\"border:0;\" allowfullscreen=\"\" aria-hidden=\"false\" tabindex=\"0\"><\/iframe><\/center><\/p>\n<p style=\"text-align: center;\">*****<\/p>\n<p style=\"text-align: center;\">Dojazd do kancelarii w Wodzis\u0142awiu \u015al\u0105skim:<\/p>\n<p>&nbsp;<br \/>\n<center><iframe src=\"https:\/\/www.google.com\/maps\/embed?pb=!1m18!1m12!1m3!1d2564.4135846443896!2d18.45868051571522!3d50.003602879416185!2m3!1f0!2f0!3f0!3m2!1i1024!2i768!4f13.1!3m3!1m2!1s0x47115045af7126f9%3A0x59b99ca69bf11c8b!2zV2HFgm93YSAzMSwgV29kemlzxYJhdyDFmmzEhXNraQ!5e0!3m2!1spl!2spl!4v1515148729676\" width=\"90%\" height=\"250\" frameborder=\"0\" style=\"border:0\" allowfullscreen><\/iframe><\/center><\/p>\n<p style=\"text-align: center;\">*****<\/p>\n","protected":false},"excerpt":{"rendered":"<p>Adwokat Tomasz Kazubski Kancelaria Prawa Karnego Rybnik \/ Wodzis\u0142aw \u015al\u0105ski &nbsp; ul. Wa\u0142owa 31 44-300 Wodzis\u0142aw \u015al\u0105ski &nbsp; Siedziba kancelarii w Rybniku: ul. Saint Vallier 4 44-200 Rybnik &nbsp; tel.:: +48 602 664 686 &nbsp; www.prawokarne.info &nbsp; e-mail: adwokat.kazubski@gmail.com &nbsp; ***** Mo\u017cesz r\u00f3wnie\u017c skontaktowa\u0107 si\u0119 ze mn\u0105 poprzez poni\u017cszy formularz kontaktowy: &nbsp; &nbsp; ***** Dojazd [&hellip;]<\/p>\n","protected":false},"author":1,"featured_media":0,"parent":0,"menu_order":0,"comment_status":"closed","ping_status":"closed","template":"","meta":{"jetpack_post_was_ever_published":false,"footnotes":""},"class_list":["post-9","page","type-page","status-publish","hentry"],"yoast_head":"<!-- This site is optimized with the Yoast SEO plugin v27.2 - https:\/\/yoast.com\/product\/yoast-seo-wordpress\/ -->\n<title>Kontakt - Obrona podejrzanych<\/title>\n<meta name=\"robots\" content=\"index, follow, max-snippet:-1, max-image-preview:large, max-video-preview:-1\" \/>\n<link rel=\"canonical\" href=\"https:\/\/gwalt-pornografia-molestowanie.pl\/obronapodejrzanych\/kontakt\/\" \/>\n<meta property=\"og:locale\" content=\"pl_PL\" \/>\n<meta property=\"og:type\" content=\"article\" \/>\n<meta property=\"og:title\" content=\"Kontakt - Obrona podejrzanych\" \/>\n<meta property=\"og:description\" content=\"Adwokat Tomasz Kazubski Kancelaria Prawa Karnego Rybnik \/ Wodzis\u0142aw \u015al\u0105ski &nbsp; ul. Wa\u0142owa 31 44-300 Wodzis\u0142aw \u015al\u0105ski &nbsp; Siedziba kancelarii w Rybniku: ul. Saint Vallier 4 44-200 Rybnik &nbsp; tel.:: +48 602 664 686 &nbsp; www.prawokarne.info &nbsp; e-mail: adwokat.kazubski@gmail.com &nbsp; ***** Mo\u017cesz r\u00f3wnie\u017c skontaktowa\u0107 si\u0119 ze mn\u0105 poprzez poni\u017cszy formularz kontaktowy: &nbsp; &nbsp; ***** Dojazd [&hellip;]\" \/>\n<meta property=\"og:url\" content=\"https:\/\/gwalt-pornografia-molestowanie.pl\/obronapodejrzanych\/kontakt\/\" \/>\n<meta property=\"og:site_name\" content=\"Obrona podejrzanych\" \/>\n<meta property=\"article:modified_time\" content=\"2022-05-06T11:02:46+00:00\" \/>\n<meta name=\"twitter:card\" content=\"summary_large_image\" \/>\n<script type=\"application\/ld+json\" class=\"yoast-schema-graph\">{\"@context\":\"https:\/\/schema.org\",\"@graph\":[{\"@type\":\"WebPage\",\"@id\":\"https:\/\/gwalt-pornografia-molestowanie.pl\/obronapodejrzanych\/kontakt\/\",\"url\":\"https:\/\/gwalt-pornografia-molestowanie.pl\/obronapodejrzanych\/kontakt\/\",\"name\":\"Kontakt - Obrona podejrzanych\",\"isPartOf\":{\"@id\":\"https:\/\/gwalt-pornografia-molestowanie.pl\/obronapodejrzanych\/#website\"},\"datePublished\":\"2018-09-11T06:07:09+00:00\",\"dateModified\":\"2022-05-06T11:02:46+00:00\",\"breadcrumb\":{\"@id\":\"https:\/\/gwalt-pornografia-molestowanie.pl\/obronapodejrzanych\/kontakt\/#breadcrumb\"},\"inLanguage\":\"pl-PL\",\"potentialAction\":[{\"@type\":\"ReadAction\",\"target\":[\"https:\/\/gwalt-pornografia-molestowanie.pl\/obronapodejrzanych\/kontakt\/\"]}]},{\"@type\":\"BreadcrumbList\",\"@id\":\"https:\/\/gwalt-pornografia-molestowanie.pl\/obronapodejrzanych\/kontakt\/#breadcrumb\",\"itemListElement\":[{\"@type\":\"ListItem\",\"position\":1,\"name\":\"Strona g\u0142\u00f3wna\",\"item\":\"https:\/\/gwalt-pornografia-molestowanie.pl\/obronapodejrzanych\/\"},{\"@type\":\"ListItem\",\"position\":2,\"name\":\"Kontakt\"}]},{\"@type\":\"WebSite\",\"@id\":\"https:\/\/gwalt-pornografia-molestowanie.pl\/obronapodejrzanych\/#website\",\"url\":\"https:\/\/gwalt-pornografia-molestowanie.pl\/obronapodejrzanych\/\",\"name\":\"Obrona podejrzanych\",\"description\":\"czyli jak walczy\u0107 w beznadziejnej sytuacji\",\"potentialAction\":[{\"@type\":\"SearchAction\",\"target\":{\"@type\":\"EntryPoint\",\"urlTemplate\":\"https:\/\/gwalt-pornografia-molestowanie.pl\/obronapodejrzanych\/?s={search_term_string}\"},\"query-input\":{\"@type\":\"PropertyValueSpecification\",\"valueRequired\":true,\"valueName\":\"search_term_string\"}}],\"inLanguage\":\"pl-PL\"}]}<\/script>\n<!-- \/ Yoast SEO plugin. -->","yoast_head_json":{"title":"Kontakt - Obrona podejrzanych","robots":{"index":"index","follow":"follow","max-snippet":"max-snippet:-1","max-image-preview":"max-image-preview:large","max-video-preview":"max-video-preview:-1"},"canonical":"https:\/\/gwalt-pornografia-molestowanie.pl\/obronapodejrzanych\/kontakt\/","og_locale":"pl_PL","og_type":"article","og_title":"Kontakt - Obrona podejrzanych","og_description":"Adwokat Tomasz Kazubski Kancelaria Prawa Karnego Rybnik \/ Wodzis\u0142aw \u015al\u0105ski &nbsp; ul. Wa\u0142owa 31 44-300 Wodzis\u0142aw \u015al\u0105ski &nbsp; Siedziba kancelarii w Rybniku: ul. Saint Vallier 4 44-200 Rybnik &nbsp; tel.:: +48 602 664 686 &nbsp; www.prawokarne.info &nbsp; e-mail: adwokat.kazubski@gmail.com &nbsp; ***** Mo\u017cesz r\u00f3wnie\u017c skontaktowa\u0107 si\u0119 ze mn\u0105 poprzez poni\u017cszy formularz kontaktowy: &nbsp; &nbsp; ***** Dojazd [&hellip;]","og_url":"https:\/\/gwalt-pornografia-molestowanie.pl\/obronapodejrzanych\/kontakt\/","og_site_name":"Obrona podejrzanych","article_modified_time":"2022-05-06T11:02:46+00:00","twitter_card":"summary_large_image","schema":{"@context":"https:\/\/schema.org","@graph":[{"@type":"WebPage","@id":"https:\/\/gwalt-pornografia-molestowanie.pl\/obronapodejrzanych\/kontakt\/","url":"https:\/\/gwalt-pornografia-molestowanie.pl\/obronapodejrzanych\/kontakt\/","name":"Kontakt - Obrona podejrzanych","isPartOf":{"@id":"https:\/\/gwalt-pornografia-molestowanie.pl\/obronapodejrzanych\/#website"},"datePublished":"2018-09-11T06:07:09+00:00","dateModified":"2022-05-06T11:02:46+00:00","breadcrumb":{"@id":"https:\/\/gwalt-pornografia-molestowanie.pl\/obronapodejrzanych\/kontakt\/#breadcrumb"},"inLanguage":"pl-PL","potentialAction":[{"@type":"ReadAction","target":["https:\/\/gwalt-pornografia-molestowanie.pl\/obronapodejrzanych\/kontakt\/"]}]},{"@type":"BreadcrumbList","@id":"https:\/\/gwalt-pornografia-molestowanie.pl\/obronapodejrzanych\/kontakt\/#breadcrumb","itemListElement":[{"@type":"ListItem","position":1,"name":"Strona g\u0142\u00f3wna","item":"https:\/\/gwalt-pornografia-molestowanie.pl\/obronapodejrzanych\/"},{"@type":"ListItem","position":2,"name":"Kontakt"}]},{"@type":"WebSite","@id":"https:\/\/gwalt-pornografia-molestowanie.pl\/obronapodejrzanych\/#website","url":"https:\/\/gwalt-pornografia-molestowanie.pl\/obronapodejrzanych\/","name":"Obrona podejrzanych","description":"czyli jak walczy\u0107 w beznadziejnej sytuacji","potentialAction":[{"@type":"SearchAction","target":{"@type":"EntryPoint","urlTemplate":"https:\/\/gwalt-pornografia-molestowanie.pl\/obronapodejrzanych\/?s={search_term_string}"},"query-input":{"@type":"PropertyValueSpecification","valueRequired":true,"valueName":"search_term_string"}}],"inLanguage":"pl-PL"}]}},"jetpack_shortlink":"https:\/\/wp.me\/PafRNl-9","jetpack_sharing_enabled":true,"_links":{"self":[{"href":"https:\/\/gwalt-pornografia-molestowanie.pl\/obronapodejrzanych\/wp-json\/wp\/v2\/pages\/9","targetHints":{"allow":["GET"]}}],"collection":[{"href":"https:\/\/gwalt-pornografia-molestowanie.pl\/obronapodejrzanych\/wp-json\/wp\/v2\/pages"}],"about":[{"href":"https:\/\/gwalt-pornografia-molestowanie.pl\/obronapodejrzanych\/wp-json\/wp\/v2\/types\/page"}],"author":[{"embeddable":true,"href":"https:\/\/gwalt-pornografia-molestowanie.pl\/obronapodejrzanych\/wp-json\/wp\/v2\/users\/1"}],"replies":[{"embeddable":true,"href":"https:\/\/gwalt-pornografia-molestowanie.pl\/obronapodejrzanych\/wp-json\/wp\/v2\/comments?post=9"}],"version-history":[{"count":7,"href":"https:\/\/gwalt-pornografia-molestowanie.pl\/obronapodejrzanych\/wp-json\/wp\/v2\/pages\/9\/revisions"}],"predecessor-version":[{"id":70,"href":"https:\/\/gwalt-pornografia-molestowanie.pl\/obronapodejrzanych\/wp-json\/wp\/v2\/pages\/9\/revisions\/70"}],"wp:attachment":[{"href":"https:\/\/gwalt-pornografia-molestowanie.pl\/obronapodejrzanych\/wp-json\/wp\/v2\/media?parent=9"}],"curies":[{"name":"wp","href":"https:\/\/api.w.org\/{rel}","templated":true}]}}