{"id":11,"date":"2018-09-10T12:00:33","date_gmt":"2018-09-10T10:00:33","guid":{"rendered":"http:\/\/gwalt-pornografia-molestowanie.pl\/pomocpokrzywdzonym\/?page_id=11"},"modified":"2018-09-10T16:33:02","modified_gmt":"2018-09-10T14:33:02","slug":"polityka-prywatnosci","status":"publish","type":"page","link":"https:\/\/gwalt-pornografia-molestowanie.pl\/pomocpokrzywdzonym\/polityka-prywatnosci\/","title":{"rendered":"Polityka prywatno\u015bci"},"content":{"rendered":"<p style=\"text-align: justify;\"><strong>Dane osobowe<\/strong><\/p>\n<p style=\"text-align: justify;\">Jako autor niniejszego bloga zastrzegam, i\u017c&nbsp;<strong>nie sprzedaj\u0119 i nie udost\u0119pniam<\/strong> osobom trzecim danych personalnych czy adresowych u\u017cytkownik\u00f3w tego bloga.<\/p>\n<p style=\"text-align: justify;\">Zastrzegam jednak sobie mo\u017cliwo\u015b\u0107 wprowadzania zmian w niniejszej Polityce Prywatno\u015bci.<\/p>\n<p style=\"text-align: justify;\"><strong>Cookies<\/strong><\/p>\n<p style=\"text-align: justify;\">M\u00f3j blog wykorzystuje tzw. cookies, tj. informacje zapisywane przez serwery na urz\u0105dzeniu ko\u0144cowym u\u017cytkownika, czyli np. Twoim komputerze, kt\u00f3re mog\u0105 by\u0107 odczytane przy ka\u017cdorazowym po\u0142\u0105czeniu si\u0119 z tego urz\u0105dzenia ko\u0144cowego. Pliki cookies (tzw. \u201eciasteczka\u201d) stanowi\u0105 dane informatyczne, w szczeg\u00f3lno\u015bci pliki tekstowe, kt\u00f3re przechowywane s\u0105 w urz\u0105dzeniu ko\u0144cowym u\u017cytkownika serwisu internetowego. Cookies zazwyczaj zawieraj\u0105 nazw\u0119 domeny serwisu internetowego, z kt\u00f3rego pochodz\u0105, czas przechowywania ich na urz\u0105dzeniu ko\u0144cowym oraz unikalny numer.<\/p>\n<p style=\"text-align: justify;\"><b>1. Pliki cookies wykorzystywane s\u0105 w celu:<\/b><\/p>\n<p style=\"text-align: justify;\">a) dostosowania zawarto\u015bci stron serwis\u00f3w internetowych do preferencji u\u017cytkownika oraz optymalizacji korzystania ze stron internetowych; w szczeg\u00f3lno\u015bci pliki te pozwalaj\u0105 rozpozna\u0107 urz\u0105dzenie u\u017cytkownika serwisu internetowego i odpowiednio wy\u015bwietli\u0107 stron\u0119 internetow\u0105, dostosowan\u0105 do jego indywidualnych potrzeb,<\/p>\n<p style=\"text-align: justify;\">b) tworzenia statystyk, kt\u00f3re pomagaj\u0105 zrozumie\u0107, w jaki spos\u00f3b u\u017cytkownicy serwisu korzystaj\u0105 ze stron internetowych, co umo\u017cliwia ulepszanie ich struktury i zawarto\u015bci,<\/p>\n<p style=\"text-align: justify;\">c) utrzymania sesji u\u017cytkownika serwisu internetowego (po zalogowaniu), dzi\u0119ki kt\u00f3rej u\u017cytkownik nie musi na ka\u017cdej podstronie serwisu ponownie wpisywa\u0107 loginu i has\u0142a,<\/p>\n<p style=\"text-align: justify;\">d) dostarczania u\u017cytkownikom tre\u015bci reklamowych bardziej dostosowanych do ich zainteresowa\u0144.<\/p>\n<p style=\"text-align: justify;\"><b>2. W ramach mojego bloga mog\u0105 by\u0107 stosowane nast\u0119puj\u0105ce rodzaje plik\u00f3w cookies:<\/b><\/p>\n<p style=\"text-align: justify;\">a) \u201eniezb\u0119dne\u201d pliki cookies, umo\u017cliwiaj\u0105ce korzystanie z us\u0142ug dost\u0119pnych w ramach serwisu internetowego, np. uwierzytelniaj\u0105ce pliki cookies wykorzystywane do us\u0142ug wymagaj\u0105cych uwierzytelniania w ramach serwisu,<\/p>\n<p style=\"text-align: justify;\">b) pliki cookies s\u0142u\u017c\u0105ce do zapewnienia bezpiecze\u0144stwa, np. wykorzystywane do wykrywania nadu\u017cy\u0107 w zakresie uwierzytelniania w ramach serwisu,<\/p>\n<p style=\"text-align: justify;\">c) pliki cookies, umo\u017cliwiaj\u0105ce zbieranie informacji o sposobie korzystania ze stron internetowych serwisu,<\/p>\n<p style=\"text-align: justify;\">d) \u201efunkcjonalne\u201d pliki cookies, umo\u017cliwiaj\u0105ce \u201ezapami\u0119tanie\u201d wybranych przez u\u017cytkownika ustawie\u0144 i personalizacj\u0119 interfejsu u\u017cytkownika, np. w zakresie wybranego j\u0119zyka lub regionu, z kt\u00f3rego pochodzi u\u017cytkownik, rozmiaru czcionki, wygl\u0105du strony internetowej itp.,<\/p>\n<p style=\"text-align: justify;\">e) \u201ereklamowe\u201d pliki cookies, umo\u017cliwiaj\u0105ce dostarczanie u\u017cytkownikom tre\u015bci reklamowych bardziej dostosowanych do ich zainteresowa\u0144.<\/p>\n<p style=\"text-align: justify;\"><b>3. W wielu przypadkach oprogramowanie s\u0142u\u017c\u0105ce do przegl\u0105dania stron internetowych (przegl\u0105darka internetowa)&nbsp;<\/b>domy\u015blnie dopuszcza przechowywanie plik\u00f3w cookies w urz\u0105dzeniu ko\u0144cowym u\u017cytkownika. U\u017cytkownicy bloga mog\u0105 dokona\u0107 w ka\u017cdym czasie zmiany ustawie\u0144 dotycz\u0105cych plik\u00f3w cookies. Ustawienia te mog\u0105 zosta\u0107 zmienione w szczeg\u00f3lno\u015bci w taki spos\u00f3b, aby blokowa\u0107 automatyczn\u0105 obs\u0142ug\u0119 plik\u00f3w cookies w ustawieniach przegl\u0105darki internetowej b\u0105d\u017a informowa\u0107 o ich ka\u017cdorazowym zamieszczeniu w urz\u0105dzeniu u\u017cytkownika serwisu internetowego. Szczeg\u00f3\u0142owe informacje o mo\u017cliwo\u015bci i sposobach obs\u0142ugi plik\u00f3w cookies dost\u0119pne s\u0105 w ustawieniach oprogramowania (przegl\u0105darki internetowej). Niedokonanie zmiany ustawie\u0144 w zakresie cookies oznacza, \u017ce b\u0119d\u0105 one zamieszczone w urz\u0105dzeniu ko\u0144cowym u\u017cytkownika, a tym samym b\u0119dziemy przechowywa\u0107 informacje w urz\u0105dzeniu ko\u0144cowym u\u017cytkownika i uzyskiwa\u0107 dost\u0119p do tych informacji.<\/p>\n<p style=\"text-align: justify;\"><b>4. Wy\u0142\u0105czenie stosowania cookies mo\u017ce spowodowa\u0107 utrudnienia korzystanie z niekt\u00f3rych us\u0142ug w ramach mojej strony,&nbsp;<\/b>w szczeg\u00f3lno\u015bci wymagaj\u0105cych logowania. Wy\u0142\u0105czenie opcji przyjmowania cookies nie powoduje natomiast braku mo\u017cliwo\u015bci czytania lub ogl\u0105dania tre\u015bci zamieszczanych w serwisie internetowym jakim jest ten Blog z zastrze\u017ceniem tych, do kt\u00f3rych dost\u0119p wymaga logowania.<\/p>\n<p style=\"text-align: justify;\">W razie w\u0105tpliwo\u015bci, co do obecnej Polityki Prywatno\u015bci, prosz\u0119 o wiadomo\u015b\u0107 na adres: kancelaria@niepelt-kazubski.pl<\/p>\n<p style=\"text-align: center;\">*****<\/p>\n","protected":false},"excerpt":{"rendered":"<p>Dane osobowe Jako autor niniejszego bloga zastrzegam, i\u017c&nbsp;nie sprzedaj\u0119 i nie udost\u0119pniam osobom trzecim danych personalnych czy adresowych u\u017cytkownik\u00f3w tego bloga. Zastrzegam jednak sobie mo\u017cliwo\u015b\u0107 wprowadzania zmian w niniejszej Polityce Prywatno\u015bci. Cookies M\u00f3j blog wykorzystuje tzw. cookies, tj. informacje zapisywane przez serwery na urz\u0105dzeniu ko\u0144cowym u\u017cytkownika, czyli np. Twoim komputerze, kt\u00f3re mog\u0105 by\u0107 odczytane przy [&hellip;]<\/p>\n","protected":false},"author":1,"featured_media":0,"parent":0,"menu_order":0,"comment_status":"closed","ping_status":"closed","template":"","meta":{"jetpack_post_was_ever_published":false,"footnotes":""},"class_list":["post-11","page","type-page","status-publish","hentry"],"yoast_head":"<!-- This site is optimized with the Yoast SEO plugin v27.2 - https:\/\/yoast.com\/product\/yoast-seo-wordpress\/ -->\n<title>Polityka prywatno\u015bci - Pomoc pokrzywdzonym<\/title>\n<meta name=\"robots\" content=\"index, follow, max-snippet:-1, max-image-preview:large, max-video-preview:-1\" \/>\n<link rel=\"canonical\" href=\"https:\/\/gwalt-pornografia-molestowanie.pl\/pomocpokrzywdzonym\/polityka-prywatnosci\/\" \/>\n<meta property=\"og:locale\" content=\"pl_PL\" \/>\n<meta property=\"og:type\" content=\"article\" \/>\n<meta property=\"og:title\" content=\"Polityka prywatno\u015bci - Pomoc pokrzywdzonym\" \/>\n<meta property=\"og:description\" content=\"Dane osobowe Jako autor niniejszego bloga zastrzegam, i\u017c&nbsp;nie sprzedaj\u0119 i nie udost\u0119pniam osobom trzecim danych personalnych czy adresowych u\u017cytkownik\u00f3w tego bloga. Zastrzegam jednak sobie mo\u017cliwo\u015b\u0107 wprowadzania zmian w niniejszej Polityce Prywatno\u015bci. Cookies M\u00f3j blog wykorzystuje tzw. cookies, tj. informacje zapisywane przez serwery na urz\u0105dzeniu ko\u0144cowym u\u017cytkownika, czyli np. Twoim komputerze, kt\u00f3re mog\u0105 by\u0107 odczytane przy [&hellip;]\" \/>\n<meta property=\"og:url\" content=\"https:\/\/gwalt-pornografia-molestowanie.pl\/pomocpokrzywdzonym\/polityka-prywatnosci\/\" \/>\n<meta property=\"og:site_name\" content=\"Pomoc pokrzywdzonym\" \/>\n<meta property=\"article:modified_time\" content=\"2018-09-10T14:33:02+00:00\" \/>\n<meta name=\"twitter:card\" content=\"summary_large_image\" \/>\n<meta name=\"twitter:label1\" content=\"Szacowany czas czytania\" \/>\n\t<meta name=\"twitter:data1\" content=\"3 minuty\" \/>\n<script type=\"application\/ld+json\" class=\"yoast-schema-graph\">{\"@context\":\"https:\/\/schema.org\",\"@graph\":[{\"@type\":\"WebPage\",\"@id\":\"https:\/\/gwalt-pornografia-molestowanie.pl\/pomocpokrzywdzonym\/polityka-prywatnosci\/\",\"url\":\"https:\/\/gwalt-pornografia-molestowanie.pl\/pomocpokrzywdzonym\/polityka-prywatnosci\/\",\"name\":\"Polityka prywatno\u015bci - Pomoc pokrzywdzonym\",\"isPartOf\":{\"@id\":\"https:\/\/gwalt-pornografia-molestowanie.pl\/pomocpokrzywdzonym\/#website\"},\"datePublished\":\"2018-09-10T10:00:33+00:00\",\"dateModified\":\"2018-09-10T14:33:02+00:00\",\"breadcrumb\":{\"@id\":\"https:\/\/gwalt-pornografia-molestowanie.pl\/pomocpokrzywdzonym\/polityka-prywatnosci\/#breadcrumb\"},\"inLanguage\":\"pl-PL\",\"potentialAction\":[{\"@type\":\"ReadAction\",\"target\":[\"https:\/\/gwalt-pornografia-molestowanie.pl\/pomocpokrzywdzonym\/polityka-prywatnosci\/\"]}]},{\"@type\":\"BreadcrumbList\",\"@id\":\"https:\/\/gwalt-pornografia-molestowanie.pl\/pomocpokrzywdzonym\/polityka-prywatnosci\/#breadcrumb\",\"itemListElement\":[{\"@type\":\"ListItem\",\"position\":1,\"name\":\"Strona g\u0142\u00f3wna\",\"item\":\"https:\/\/gwalt-pornografia-molestowanie.pl\/pomocpokrzywdzonym\/\"},{\"@type\":\"ListItem\",\"position\":2,\"name\":\"Polityka prywatno\u015bci\"}]},{\"@type\":\"WebSite\",\"@id\":\"https:\/\/gwalt-pornografia-molestowanie.pl\/pomocpokrzywdzonym\/#website\",\"url\":\"https:\/\/gwalt-pornografia-molestowanie.pl\/pomocpokrzywdzonym\/\",\"name\":\"Pomoc pokrzywdzonym\",\"description\":\"czyli jak odnale\u017a\u0107 si\u0119 w trudnej sytuacji\",\"potentialAction\":[{\"@type\":\"SearchAction\",\"target\":{\"@type\":\"EntryPoint\",\"urlTemplate\":\"https:\/\/gwalt-pornografia-molestowanie.pl\/pomocpokrzywdzonym\/?s={search_term_string}\"},\"query-input\":{\"@type\":\"PropertyValueSpecification\",\"valueRequired\":true,\"valueName\":\"search_term_string\"}}],\"inLanguage\":\"pl-PL\"}]}<\/script>\n<!-- \/ Yoast SEO plugin. -->","yoast_head_json":{"title":"Polityka prywatno\u015bci - Pomoc pokrzywdzonym","robots":{"index":"index","follow":"follow","max-snippet":"max-snippet:-1","max-image-preview":"max-image-preview:large","max-video-preview":"max-video-preview:-1"},"canonical":"https:\/\/gwalt-pornografia-molestowanie.pl\/pomocpokrzywdzonym\/polityka-prywatnosci\/","og_locale":"pl_PL","og_type":"article","og_title":"Polityka prywatno\u015bci - Pomoc pokrzywdzonym","og_description":"Dane osobowe Jako autor niniejszego bloga zastrzegam, i\u017c&nbsp;nie sprzedaj\u0119 i nie udost\u0119pniam osobom trzecim danych personalnych czy adresowych u\u017cytkownik\u00f3w tego bloga. Zastrzegam jednak sobie mo\u017cliwo\u015b\u0107 wprowadzania zmian w niniejszej Polityce Prywatno\u015bci. Cookies M\u00f3j blog wykorzystuje tzw. cookies, tj. informacje zapisywane przez serwery na urz\u0105dzeniu ko\u0144cowym u\u017cytkownika, czyli np. Twoim komputerze, kt\u00f3re mog\u0105 by\u0107 odczytane przy [&hellip;]","og_url":"https:\/\/gwalt-pornografia-molestowanie.pl\/pomocpokrzywdzonym\/polityka-prywatnosci\/","og_site_name":"Pomoc pokrzywdzonym","article_modified_time":"2018-09-10T14:33:02+00:00","twitter_card":"summary_large_image","twitter_misc":{"Szacowany czas czytania":"3 minuty"},"schema":{"@context":"https:\/\/schema.org","@graph":[{"@type":"WebPage","@id":"https:\/\/gwalt-pornografia-molestowanie.pl\/pomocpokrzywdzonym\/polityka-prywatnosci\/","url":"https:\/\/gwalt-pornografia-molestowanie.pl\/pomocpokrzywdzonym\/polityka-prywatnosci\/","name":"Polityka prywatno\u015bci - Pomoc pokrzywdzonym","isPartOf":{"@id":"https:\/\/gwalt-pornografia-molestowanie.pl\/pomocpokrzywdzonym\/#website"},"datePublished":"2018-09-10T10:00:33+00:00","dateModified":"2018-09-10T14:33:02+00:00","breadcrumb":{"@id":"https:\/\/gwalt-pornografia-molestowanie.pl\/pomocpokrzywdzonym\/polityka-prywatnosci\/#breadcrumb"},"inLanguage":"pl-PL","potentialAction":[{"@type":"ReadAction","target":["https:\/\/gwalt-pornografia-molestowanie.pl\/pomocpokrzywdzonym\/polityka-prywatnosci\/"]}]},{"@type":"BreadcrumbList","@id":"https:\/\/gwalt-pornografia-molestowanie.pl\/pomocpokrzywdzonym\/polityka-prywatnosci\/#breadcrumb","itemListElement":[{"@type":"ListItem","position":1,"name":"Strona g\u0142\u00f3wna","item":"https:\/\/gwalt-pornografia-molestowanie.pl\/pomocpokrzywdzonym\/"},{"@type":"ListItem","position":2,"name":"Polityka prywatno\u015bci"}]},{"@type":"WebSite","@id":"https:\/\/gwalt-pornografia-molestowanie.pl\/pomocpokrzywdzonym\/#website","url":"https:\/\/gwalt-pornografia-molestowanie.pl\/pomocpokrzywdzonym\/","name":"Pomoc pokrzywdzonym","description":"czyli jak odnale\u017a\u0107 si\u0119 w trudnej sytuacji","potentialAction":[{"@type":"SearchAction","target":{"@type":"EntryPoint","urlTemplate":"https:\/\/gwalt-pornografia-molestowanie.pl\/pomocpokrzywdzonym\/?s={search_term_string}"},"query-input":{"@type":"PropertyValueSpecification","valueRequired":true,"valueName":"search_term_string"}}],"inLanguage":"pl-PL"}]}},"jetpack_shortlink":"https:\/\/wp.me\/PafGyg-b","jetpack_sharing_enabled":true,"_links":{"self":[{"href":"https:\/\/gwalt-pornografia-molestowanie.pl\/pomocpokrzywdzonym\/wp-json\/wp\/v2\/pages\/11","targetHints":{"allow":["GET"]}}],"collection":[{"href":"https:\/\/gwalt-pornografia-molestowanie.pl\/pomocpokrzywdzonym\/wp-json\/wp\/v2\/pages"}],"about":[{"href":"https:\/\/gwalt-pornografia-molestowanie.pl\/pomocpokrzywdzonym\/wp-json\/wp\/v2\/types\/page"}],"author":[{"embeddable":true,"href":"https:\/\/gwalt-pornografia-molestowanie.pl\/pomocpokrzywdzonym\/wp-json\/wp\/v2\/users\/1"}],"replies":[{"embeddable":true,"href":"https:\/\/gwalt-pornografia-molestowanie.pl\/pomocpokrzywdzonym\/wp-json\/wp\/v2\/comments?post=11"}],"version-history":[{"count":3,"href":"https:\/\/gwalt-pornografia-molestowanie.pl\/pomocpokrzywdzonym\/wp-json\/wp\/v2\/pages\/11\/revisions"}],"predecessor-version":[{"id":34,"href":"https:\/\/gwalt-pornografia-molestowanie.pl\/pomocpokrzywdzonym\/wp-json\/wp\/v2\/pages\/11\/revisions\/34"}],"wp:attachment":[{"href":"https:\/\/gwalt-pornografia-molestowanie.pl\/pomocpokrzywdzonym\/wp-json\/wp\/v2\/media?parent=11"}],"curies":[{"name":"wp","href":"https:\/\/api.w.org\/{rel}","templated":true}]}}