{"id":13,"date":"2018-09-10T12:00:46","date_gmt":"2018-09-10T10:00:46","guid":{"rendered":"http:\/\/gwalt-pornografia-molestowanie.pl\/pomocpokrzywdzonym\/?page_id=13"},"modified":"2018-09-10T16:32:48","modified_gmt":"2018-09-10T14:32:48","slug":"ograniczenie-odpowiedzialnosci","status":"publish","type":"page","link":"https:\/\/gwalt-pornografia-molestowanie.pl\/pomocpokrzywdzonym\/ograniczenie-odpowiedzialnosci\/","title":{"rendered":"Ograniczenie odpowiedzialno\u015bci"},"content":{"rendered":"<p style=\"text-align: justify;\">Zapoznaj\u0105c si\u0119 z tre\u015bci\u0105 niniejszego bloga&nbsp;<strong>rozumiesz<\/strong>, \u017ce:<\/p>\n<ul style=\"text-align: justify;\">\n<li>jego cel ma charakter wy\u0142\u0105cznie&nbsp;<strong>edukacyjny,<\/strong><\/li>\n<li>zawiera wy\u0142\u0105cznie tre\u015b\u0107 o charakterze&nbsp;<strong>og\u00f3lnym,<\/strong><\/li>\n<li>nie stanowi on ani&nbsp;<strong>porady&nbsp;<\/strong>prawnej, ani&nbsp;<strong>wyk\u0142adni<\/strong>&nbsp;prawa,<\/li>\n<li>nie buduje&nbsp;<strong>stosunku&nbsp;<\/strong>klient \u2013 prawnik.<\/li>\n<\/ul>\n<p style=\"text-align: justify;\">Autor bloga&nbsp;<strong>nie odpowiada&nbsp;<\/strong>za jego tre\u015b\u0107 w jakimkolwiek zakresie, a w szczeg\u00f3lno\u015bci za jak\u0105kolwiek szkod\u0119 wyrz\u0105dzon\u0105 zastosowaniem, lub brakiem zastosowania si\u0119 do niej. Tre\u015b\u0107 bloga jest wyrazem pogl\u0105d\u00f3w autora i nie stanowi oficjalnego stanowiska jego kancelarii. Autor zastrzega sobie prawo do zmiany tre\u015bci w szczeg\u00f3lno\u015bci w sytuacji zmiany prawa, orzecznictwa oraz praktyki organ\u00f3w administracji.<\/p>\n<p style=\"text-align: justify;\">Autor bloga ponadto&nbsp;<strong>nie odpowiada&nbsp;<\/strong>za tre\u015b\u0107 komentarzy pozostawionych w blogu przez osoby trzecie.<\/p>\n<p style=\"text-align: center;\">*****<\/p>\n","protected":false},"excerpt":{"rendered":"<p>Zapoznaj\u0105c si\u0119 z tre\u015bci\u0105 niniejszego bloga&nbsp;rozumiesz, \u017ce: jego cel ma charakter wy\u0142\u0105cznie&nbsp;edukacyjny, zawiera wy\u0142\u0105cznie tre\u015b\u0107 o charakterze&nbsp;og\u00f3lnym, nie stanowi on ani&nbsp;porady&nbsp;prawnej, ani&nbsp;wyk\u0142adni&nbsp;prawa, nie buduje&nbsp;stosunku&nbsp;klient \u2013 prawnik. Autor bloga&nbsp;nie odpowiada&nbsp;za jego tre\u015b\u0107 w jakimkolwiek zakresie, a w szczeg\u00f3lno\u015bci za jak\u0105kolwiek szkod\u0119 wyrz\u0105dzon\u0105 zastosowaniem, lub brakiem zastosowania si\u0119 do niej. Tre\u015b\u0107 bloga jest wyrazem pogl\u0105d\u00f3w autora i [&hellip;]<\/p>\n","protected":false},"author":1,"featured_media":0,"parent":0,"menu_order":0,"comment_status":"closed","ping_status":"closed","template":"","meta":{"jetpack_post_was_ever_published":false,"footnotes":""},"class_list":["post-13","page","type-page","status-publish","hentry"],"yoast_head":"<!-- This site is optimized with the Yoast SEO plugin v27.2 - https:\/\/yoast.com\/product\/yoast-seo-wordpress\/ -->\n<title>Ograniczenie odpowiedzialno\u015bci - Pomoc pokrzywdzonym<\/title>\n<meta name=\"robots\" content=\"index, follow, max-snippet:-1, max-image-preview:large, max-video-preview:-1\" \/>\n<link rel=\"canonical\" href=\"https:\/\/gwalt-pornografia-molestowanie.pl\/pomocpokrzywdzonym\/ograniczenie-odpowiedzialnosci\/\" \/>\n<meta property=\"og:locale\" content=\"pl_PL\" \/>\n<meta property=\"og:type\" content=\"article\" \/>\n<meta property=\"og:title\" content=\"Ograniczenie odpowiedzialno\u015bci - Pomoc pokrzywdzonym\" \/>\n<meta property=\"og:description\" content=\"Zapoznaj\u0105c si\u0119 z tre\u015bci\u0105 niniejszego bloga&nbsp;rozumiesz, \u017ce: jego cel ma charakter wy\u0142\u0105cznie&nbsp;edukacyjny, zawiera wy\u0142\u0105cznie tre\u015b\u0107 o charakterze&nbsp;og\u00f3lnym, nie stanowi on ani&nbsp;porady&nbsp;prawnej, ani&nbsp;wyk\u0142adni&nbsp;prawa, nie buduje&nbsp;stosunku&nbsp;klient \u2013 prawnik. Autor bloga&nbsp;nie odpowiada&nbsp;za jego tre\u015b\u0107 w jakimkolwiek zakresie, a w szczeg\u00f3lno\u015bci za jak\u0105kolwiek szkod\u0119 wyrz\u0105dzon\u0105 zastosowaniem, lub brakiem zastosowania si\u0119 do niej. Tre\u015b\u0107 bloga jest wyrazem pogl\u0105d\u00f3w autora i [&hellip;]\" \/>\n<meta property=\"og:url\" content=\"https:\/\/gwalt-pornografia-molestowanie.pl\/pomocpokrzywdzonym\/ograniczenie-odpowiedzialnosci\/\" \/>\n<meta property=\"og:site_name\" content=\"Pomoc pokrzywdzonym\" \/>\n<meta property=\"article:modified_time\" content=\"2018-09-10T14:32:48+00:00\" \/>\n<meta name=\"twitter:card\" content=\"summary_large_image\" \/>\n<meta name=\"twitter:label1\" content=\"Szacowany czas czytania\" \/>\n\t<meta name=\"twitter:data1\" content=\"1 minuta\" \/>\n<script type=\"application\/ld+json\" class=\"yoast-schema-graph\">{\"@context\":\"https:\/\/schema.org\",\"@graph\":[{\"@type\":\"WebPage\",\"@id\":\"https:\/\/gwalt-pornografia-molestowanie.pl\/pomocpokrzywdzonym\/ograniczenie-odpowiedzialnosci\/\",\"url\":\"https:\/\/gwalt-pornografia-molestowanie.pl\/pomocpokrzywdzonym\/ograniczenie-odpowiedzialnosci\/\",\"name\":\"Ograniczenie odpowiedzialno\u015bci - Pomoc pokrzywdzonym\",\"isPartOf\":{\"@id\":\"https:\/\/gwalt-pornografia-molestowanie.pl\/pomocpokrzywdzonym\/#website\"},\"datePublished\":\"2018-09-10T10:00:46+00:00\",\"dateModified\":\"2018-09-10T14:32:48+00:00\",\"breadcrumb\":{\"@id\":\"https:\/\/gwalt-pornografia-molestowanie.pl\/pomocpokrzywdzonym\/ograniczenie-odpowiedzialnosci\/#breadcrumb\"},\"inLanguage\":\"pl-PL\",\"potentialAction\":[{\"@type\":\"ReadAction\",\"target\":[\"https:\/\/gwalt-pornografia-molestowanie.pl\/pomocpokrzywdzonym\/ograniczenie-odpowiedzialnosci\/\"]}]},{\"@type\":\"BreadcrumbList\",\"@id\":\"https:\/\/gwalt-pornografia-molestowanie.pl\/pomocpokrzywdzonym\/ograniczenie-odpowiedzialnosci\/#breadcrumb\",\"itemListElement\":[{\"@type\":\"ListItem\",\"position\":1,\"name\":\"Strona g\u0142\u00f3wna\",\"item\":\"https:\/\/gwalt-pornografia-molestowanie.pl\/pomocpokrzywdzonym\/\"},{\"@type\":\"ListItem\",\"position\":2,\"name\":\"Ograniczenie odpowiedzialno\u015bci\"}]},{\"@type\":\"WebSite\",\"@id\":\"https:\/\/gwalt-pornografia-molestowanie.pl\/pomocpokrzywdzonym\/#website\",\"url\":\"https:\/\/gwalt-pornografia-molestowanie.pl\/pomocpokrzywdzonym\/\",\"name\":\"Pomoc pokrzywdzonym\",\"description\":\"czyli jak odnale\u017a\u0107 si\u0119 w trudnej sytuacji\",\"potentialAction\":[{\"@type\":\"SearchAction\",\"target\":{\"@type\":\"EntryPoint\",\"urlTemplate\":\"https:\/\/gwalt-pornografia-molestowanie.pl\/pomocpokrzywdzonym\/?s={search_term_string}\"},\"query-input\":{\"@type\":\"PropertyValueSpecification\",\"valueRequired\":true,\"valueName\":\"search_term_string\"}}],\"inLanguage\":\"pl-PL\"}]}<\/script>\n<!-- \/ Yoast SEO plugin. -->","yoast_head_json":{"title":"Ograniczenie odpowiedzialno\u015bci - Pomoc pokrzywdzonym","robots":{"index":"index","follow":"follow","max-snippet":"max-snippet:-1","max-image-preview":"max-image-preview:large","max-video-preview":"max-video-preview:-1"},"canonical":"https:\/\/gwalt-pornografia-molestowanie.pl\/pomocpokrzywdzonym\/ograniczenie-odpowiedzialnosci\/","og_locale":"pl_PL","og_type":"article","og_title":"Ograniczenie odpowiedzialno\u015bci - Pomoc pokrzywdzonym","og_description":"Zapoznaj\u0105c si\u0119 z tre\u015bci\u0105 niniejszego bloga&nbsp;rozumiesz, \u017ce: jego cel ma charakter wy\u0142\u0105cznie&nbsp;edukacyjny, zawiera wy\u0142\u0105cznie tre\u015b\u0107 o charakterze&nbsp;og\u00f3lnym, nie stanowi on ani&nbsp;porady&nbsp;prawnej, ani&nbsp;wyk\u0142adni&nbsp;prawa, nie buduje&nbsp;stosunku&nbsp;klient \u2013 prawnik. Autor bloga&nbsp;nie odpowiada&nbsp;za jego tre\u015b\u0107 w jakimkolwiek zakresie, a w szczeg\u00f3lno\u015bci za jak\u0105kolwiek szkod\u0119 wyrz\u0105dzon\u0105 zastosowaniem, lub brakiem zastosowania si\u0119 do niej. Tre\u015b\u0107 bloga jest wyrazem pogl\u0105d\u00f3w autora i [&hellip;]","og_url":"https:\/\/gwalt-pornografia-molestowanie.pl\/pomocpokrzywdzonym\/ograniczenie-odpowiedzialnosci\/","og_site_name":"Pomoc pokrzywdzonym","article_modified_time":"2018-09-10T14:32:48+00:00","twitter_card":"summary_large_image","twitter_misc":{"Szacowany czas czytania":"1 minuta"},"schema":{"@context":"https:\/\/schema.org","@graph":[{"@type":"WebPage","@id":"https:\/\/gwalt-pornografia-molestowanie.pl\/pomocpokrzywdzonym\/ograniczenie-odpowiedzialnosci\/","url":"https:\/\/gwalt-pornografia-molestowanie.pl\/pomocpokrzywdzonym\/ograniczenie-odpowiedzialnosci\/","name":"Ograniczenie odpowiedzialno\u015bci - Pomoc pokrzywdzonym","isPartOf":{"@id":"https:\/\/gwalt-pornografia-molestowanie.pl\/pomocpokrzywdzonym\/#website"},"datePublished":"2018-09-10T10:00:46+00:00","dateModified":"2018-09-10T14:32:48+00:00","breadcrumb":{"@id":"https:\/\/gwalt-pornografia-molestowanie.pl\/pomocpokrzywdzonym\/ograniczenie-odpowiedzialnosci\/#breadcrumb"},"inLanguage":"pl-PL","potentialAction":[{"@type":"ReadAction","target":["https:\/\/gwalt-pornografia-molestowanie.pl\/pomocpokrzywdzonym\/ograniczenie-odpowiedzialnosci\/"]}]},{"@type":"BreadcrumbList","@id":"https:\/\/gwalt-pornografia-molestowanie.pl\/pomocpokrzywdzonym\/ograniczenie-odpowiedzialnosci\/#breadcrumb","itemListElement":[{"@type":"ListItem","position":1,"name":"Strona g\u0142\u00f3wna","item":"https:\/\/gwalt-pornografia-molestowanie.pl\/pomocpokrzywdzonym\/"},{"@type":"ListItem","position":2,"name":"Ograniczenie odpowiedzialno\u015bci"}]},{"@type":"WebSite","@id":"https:\/\/gwalt-pornografia-molestowanie.pl\/pomocpokrzywdzonym\/#website","url":"https:\/\/gwalt-pornografia-molestowanie.pl\/pomocpokrzywdzonym\/","name":"Pomoc pokrzywdzonym","description":"czyli jak odnale\u017a\u0107 si\u0119 w trudnej sytuacji","potentialAction":[{"@type":"SearchAction","target":{"@type":"EntryPoint","urlTemplate":"https:\/\/gwalt-pornografia-molestowanie.pl\/pomocpokrzywdzonym\/?s={search_term_string}"},"query-input":{"@type":"PropertyValueSpecification","valueRequired":true,"valueName":"search_term_string"}}],"inLanguage":"pl-PL"}]}},"jetpack_shortlink":"https:\/\/wp.me\/PafGyg-d","jetpack_sharing_enabled":true,"_links":{"self":[{"href":"https:\/\/gwalt-pornografia-molestowanie.pl\/pomocpokrzywdzonym\/wp-json\/wp\/v2\/pages\/13","targetHints":{"allow":["GET"]}}],"collection":[{"href":"https:\/\/gwalt-pornografia-molestowanie.pl\/pomocpokrzywdzonym\/wp-json\/wp\/v2\/pages"}],"about":[{"href":"https:\/\/gwalt-pornografia-molestowanie.pl\/pomocpokrzywdzonym\/wp-json\/wp\/v2\/types\/page"}],"author":[{"embeddable":true,"href":"https:\/\/gwalt-pornografia-molestowanie.pl\/pomocpokrzywdzonym\/wp-json\/wp\/v2\/users\/1"}],"replies":[{"embeddable":true,"href":"https:\/\/gwalt-pornografia-molestowanie.pl\/pomocpokrzywdzonym\/wp-json\/wp\/v2\/comments?post=13"}],"version-history":[{"count":3,"href":"https:\/\/gwalt-pornografia-molestowanie.pl\/pomocpokrzywdzonym\/wp-json\/wp\/v2\/pages\/13\/revisions"}],"predecessor-version":[{"id":28,"href":"https:\/\/gwalt-pornografia-molestowanie.pl\/pomocpokrzywdzonym\/wp-json\/wp\/v2\/pages\/13\/revisions\/28"}],"wp:attachment":[{"href":"https:\/\/gwalt-pornografia-molestowanie.pl\/pomocpokrzywdzonym\/wp-json\/wp\/v2\/media?parent=13"}],"curies":[{"name":"wp","href":"https:\/\/api.w.org\/{rel}","templated":true}]}}