{"id":7,"date":"2018-09-10T12:00:18","date_gmt":"2018-09-10T10:00:18","guid":{"rendered":"http:\/\/gwalt-pornografia-molestowanie.pl\/pomocpokrzywdzonym\/?page_id=7"},"modified":"2018-11-16T09:24:59","modified_gmt":"2018-11-16T08:24:59","slug":"o-blogu","status":"publish","type":"page","link":"https:\/\/gwalt-pornografia-molestowanie.pl\/pomocpokrzywdzonym\/o-blogu\/","title":{"rendered":"O blogu"},"content":{"rendered":"<p style=\"text-align: justify;\">Osoby pokrzywdzone przest\u0119pstwem seksualnym w przeciwie\u0144stwie do innych ofiar nie s\u0105 ch\u0119tne do tego, aby jak najszybciej udawa\u0107 si\u0119 na Policj\u0119. Wiedz\u0105, \u017ce spotkaj\u0105 tam przypadkow\u0105 osob\u0119, obc\u0105, kt\u00f3rej b\u0119d\u0105 musia\u0142y opowiada\u0107 nieprzyjemne i wstydliwe historie, kt\u00f3re je spotka\u0142y w \u017cyciu.<span class=\"Apple-converted-space\">\u00a0<\/span><\/p>\n<p style=\"text-align: justify;\">Dlatego powsta\u0142 ten blog, w kt\u00f3rym w zaciszu domu lub w innym miejscu b\u0119d\u0105 mog\u0142y znale\u017a\u0107 informacje, kt\u00f3re pozwol\u0105 im rozezna\u0107 si\u0119 w sytuacji.<\/p>\n<p style=\"text-align: justify;\">W moim zamy\u015ble ma to by\u0107 blog interdyscyplinarny, w kt\u00f3rych poruszane b\u0119d\u0105 kwestie nie tylko prawne. Chcia\u0142bym, aby znalaz\u0142y si\u0119 tutaj r\u00f3wnie\u017c wypowiedzi specjalist\u00f3w z psychologii, psychiatrii, lekarzy, bieg\u0142ych, a by\u0107 mo\u017ce i policjant\u00f3w, prokurator\u00f3w i s\u0119dzi\u00f3w.<\/p>\n<p>W razie pyta\u0144 czy w\u0105tpliwo\u015bci zach\u0119cam Ci\u0119 do <a href=\"http:\/\/gwalt-pornografia-molestowanie.pl\/pomocpokrzywdzonym\/kontakt\/\" target=\"_blank\" rel=\"noopener\">kontaktu &gt;&gt;<\/a><\/p>\n<p style=\"text-align: center;\">*****<\/p>\n","protected":false},"excerpt":{"rendered":"<p>Osoby pokrzywdzone przest\u0119pstwem seksualnym w przeciwie\u0144stwie do innych ofiar nie s\u0105 ch\u0119tne do tego, aby jak najszybciej udawa\u0107 si\u0119 na Policj\u0119. Wiedz\u0105, \u017ce spotkaj\u0105 tam przypadkow\u0105 osob\u0119, obc\u0105, kt\u00f3rej b\u0119d\u0105 musia\u0142y opowiada\u0107 nieprzyjemne i wstydliwe historie, kt\u00f3re je spotka\u0142y w \u017cyciu.\u00a0 Dlatego powsta\u0142 ten blog, w kt\u00f3rym w zaciszu domu lub w innym miejscu b\u0119d\u0105 [&hellip;]<\/p>\n","protected":false},"author":1,"featured_media":0,"parent":0,"menu_order":0,"comment_status":"closed","ping_status":"closed","template":"","meta":{"jetpack_post_was_ever_published":false,"footnotes":""},"class_list":["post-7","page","type-page","status-publish","hentry"],"yoast_head":"<!-- This site is optimized with the Yoast SEO plugin v27.2 - https:\/\/yoast.com\/product\/yoast-seo-wordpress\/ -->\n<title>O blogu - Pomoc pokrzywdzonym<\/title>\n<meta name=\"robots\" content=\"index, follow, max-snippet:-1, max-image-preview:large, max-video-preview:-1\" \/>\n<link rel=\"canonical\" href=\"https:\/\/gwalt-pornografia-molestowanie.pl\/pomocpokrzywdzonym\/o-blogu\/\" \/>\n<meta property=\"og:locale\" content=\"pl_PL\" \/>\n<meta property=\"og:type\" content=\"article\" \/>\n<meta property=\"og:title\" content=\"O blogu - Pomoc pokrzywdzonym\" \/>\n<meta property=\"og:description\" content=\"Osoby pokrzywdzone przest\u0119pstwem seksualnym w przeciwie\u0144stwie do innych ofiar nie s\u0105 ch\u0119tne do tego, aby jak najszybciej udawa\u0107 si\u0119 na Policj\u0119. Wiedz\u0105, \u017ce spotkaj\u0105 tam przypadkow\u0105 osob\u0119, obc\u0105, kt\u00f3rej b\u0119d\u0105 musia\u0142y opowiada\u0107 nieprzyjemne i wstydliwe historie, kt\u00f3re je spotka\u0142y w \u017cyciu.\u00a0 Dlatego powsta\u0142 ten blog, w kt\u00f3rym w zaciszu domu lub w innym miejscu b\u0119d\u0105 [&hellip;]\" \/>\n<meta property=\"og:url\" content=\"https:\/\/gwalt-pornografia-molestowanie.pl\/pomocpokrzywdzonym\/o-blogu\/\" \/>\n<meta property=\"og:site_name\" content=\"Pomoc pokrzywdzonym\" \/>\n<meta property=\"article:modified_time\" content=\"2018-11-16T08:24:59+00:00\" \/>\n<meta name=\"twitter:card\" content=\"summary_large_image\" \/>\n<meta name=\"twitter:label1\" content=\"Szacowany czas czytania\" \/>\n\t<meta name=\"twitter:data1\" content=\"1 minuta\" \/>\n<script type=\"application\/ld+json\" class=\"yoast-schema-graph\">{\"@context\":\"https:\/\/schema.org\",\"@graph\":[{\"@type\":\"WebPage\",\"@id\":\"https:\/\/gwalt-pornografia-molestowanie.pl\/pomocpokrzywdzonym\/o-blogu\/\",\"url\":\"https:\/\/gwalt-pornografia-molestowanie.pl\/pomocpokrzywdzonym\/o-blogu\/\",\"name\":\"O blogu - Pomoc pokrzywdzonym\",\"isPartOf\":{\"@id\":\"https:\/\/gwalt-pornografia-molestowanie.pl\/pomocpokrzywdzonym\/#website\"},\"datePublished\":\"2018-09-10T10:00:18+00:00\",\"dateModified\":\"2018-11-16T08:24:59+00:00\",\"breadcrumb\":{\"@id\":\"https:\/\/gwalt-pornografia-molestowanie.pl\/pomocpokrzywdzonym\/o-blogu\/#breadcrumb\"},\"inLanguage\":\"pl-PL\",\"potentialAction\":[{\"@type\":\"ReadAction\",\"target\":[\"https:\/\/gwalt-pornografia-molestowanie.pl\/pomocpokrzywdzonym\/o-blogu\/\"]}]},{\"@type\":\"BreadcrumbList\",\"@id\":\"https:\/\/gwalt-pornografia-molestowanie.pl\/pomocpokrzywdzonym\/o-blogu\/#breadcrumb\",\"itemListElement\":[{\"@type\":\"ListItem\",\"position\":1,\"name\":\"Strona g\u0142\u00f3wna\",\"item\":\"https:\/\/gwalt-pornografia-molestowanie.pl\/pomocpokrzywdzonym\/\"},{\"@type\":\"ListItem\",\"position\":2,\"name\":\"O blogu\"}]},{\"@type\":\"WebSite\",\"@id\":\"https:\/\/gwalt-pornografia-molestowanie.pl\/pomocpokrzywdzonym\/#website\",\"url\":\"https:\/\/gwalt-pornografia-molestowanie.pl\/pomocpokrzywdzonym\/\",\"name\":\"Pomoc pokrzywdzonym\",\"description\":\"czyli jak odnale\u017a\u0107 si\u0119 w trudnej sytuacji\",\"potentialAction\":[{\"@type\":\"SearchAction\",\"target\":{\"@type\":\"EntryPoint\",\"urlTemplate\":\"https:\/\/gwalt-pornografia-molestowanie.pl\/pomocpokrzywdzonym\/?s={search_term_string}\"},\"query-input\":{\"@type\":\"PropertyValueSpecification\",\"valueRequired\":true,\"valueName\":\"search_term_string\"}}],\"inLanguage\":\"pl-PL\"}]}<\/script>\n<!-- \/ Yoast SEO plugin. -->","yoast_head_json":{"title":"O blogu - Pomoc pokrzywdzonym","robots":{"index":"index","follow":"follow","max-snippet":"max-snippet:-1","max-image-preview":"max-image-preview:large","max-video-preview":"max-video-preview:-1"},"canonical":"https:\/\/gwalt-pornografia-molestowanie.pl\/pomocpokrzywdzonym\/o-blogu\/","og_locale":"pl_PL","og_type":"article","og_title":"O blogu - Pomoc pokrzywdzonym","og_description":"Osoby pokrzywdzone przest\u0119pstwem seksualnym w przeciwie\u0144stwie do innych ofiar nie s\u0105 ch\u0119tne do tego, aby jak najszybciej udawa\u0107 si\u0119 na Policj\u0119. Wiedz\u0105, \u017ce spotkaj\u0105 tam przypadkow\u0105 osob\u0119, obc\u0105, kt\u00f3rej b\u0119d\u0105 musia\u0142y opowiada\u0107 nieprzyjemne i wstydliwe historie, kt\u00f3re je spotka\u0142y w \u017cyciu.\u00a0 Dlatego powsta\u0142 ten blog, w kt\u00f3rym w zaciszu domu lub w innym miejscu b\u0119d\u0105 [&hellip;]","og_url":"https:\/\/gwalt-pornografia-molestowanie.pl\/pomocpokrzywdzonym\/o-blogu\/","og_site_name":"Pomoc pokrzywdzonym","article_modified_time":"2018-11-16T08:24:59+00:00","twitter_card":"summary_large_image","twitter_misc":{"Szacowany czas czytania":"1 minuta"},"schema":{"@context":"https:\/\/schema.org","@graph":[{"@type":"WebPage","@id":"https:\/\/gwalt-pornografia-molestowanie.pl\/pomocpokrzywdzonym\/o-blogu\/","url":"https:\/\/gwalt-pornografia-molestowanie.pl\/pomocpokrzywdzonym\/o-blogu\/","name":"O blogu - Pomoc pokrzywdzonym","isPartOf":{"@id":"https:\/\/gwalt-pornografia-molestowanie.pl\/pomocpokrzywdzonym\/#website"},"datePublished":"2018-09-10T10:00:18+00:00","dateModified":"2018-11-16T08:24:59+00:00","breadcrumb":{"@id":"https:\/\/gwalt-pornografia-molestowanie.pl\/pomocpokrzywdzonym\/o-blogu\/#breadcrumb"},"inLanguage":"pl-PL","potentialAction":[{"@type":"ReadAction","target":["https:\/\/gwalt-pornografia-molestowanie.pl\/pomocpokrzywdzonym\/o-blogu\/"]}]},{"@type":"BreadcrumbList","@id":"https:\/\/gwalt-pornografia-molestowanie.pl\/pomocpokrzywdzonym\/o-blogu\/#breadcrumb","itemListElement":[{"@type":"ListItem","position":1,"name":"Strona g\u0142\u00f3wna","item":"https:\/\/gwalt-pornografia-molestowanie.pl\/pomocpokrzywdzonym\/"},{"@type":"ListItem","position":2,"name":"O blogu"}]},{"@type":"WebSite","@id":"https:\/\/gwalt-pornografia-molestowanie.pl\/pomocpokrzywdzonym\/#website","url":"https:\/\/gwalt-pornografia-molestowanie.pl\/pomocpokrzywdzonym\/","name":"Pomoc pokrzywdzonym","description":"czyli jak odnale\u017a\u0107 si\u0119 w trudnej sytuacji","potentialAction":[{"@type":"SearchAction","target":{"@type":"EntryPoint","urlTemplate":"https:\/\/gwalt-pornografia-molestowanie.pl\/pomocpokrzywdzonym\/?s={search_term_string}"},"query-input":{"@type":"PropertyValueSpecification","valueRequired":true,"valueName":"search_term_string"}}],"inLanguage":"pl-PL"}]}},"jetpack_shortlink":"https:\/\/wp.me\/PafGyg-7","jetpack_sharing_enabled":true,"_links":{"self":[{"href":"https:\/\/gwalt-pornografia-molestowanie.pl\/pomocpokrzywdzonym\/wp-json\/wp\/v2\/pages\/7","targetHints":{"allow":["GET"]}}],"collection":[{"href":"https:\/\/gwalt-pornografia-molestowanie.pl\/pomocpokrzywdzonym\/wp-json\/wp\/v2\/pages"}],"about":[{"href":"https:\/\/gwalt-pornografia-molestowanie.pl\/pomocpokrzywdzonym\/wp-json\/wp\/v2\/types\/page"}],"author":[{"embeddable":true,"href":"https:\/\/gwalt-pornografia-molestowanie.pl\/pomocpokrzywdzonym\/wp-json\/wp\/v2\/users\/1"}],"replies":[{"embeddable":true,"href":"https:\/\/gwalt-pornografia-molestowanie.pl\/pomocpokrzywdzonym\/wp-json\/wp\/v2\/comments?post=7"}],"version-history":[{"count":2,"href":"https:\/\/gwalt-pornografia-molestowanie.pl\/pomocpokrzywdzonym\/wp-json\/wp\/v2\/pages\/7\/revisions"}],"predecessor-version":[{"id":47,"href":"https:\/\/gwalt-pornografia-molestowanie.pl\/pomocpokrzywdzonym\/wp-json\/wp\/v2\/pages\/7\/revisions\/47"}],"wp:attachment":[{"href":"https:\/\/gwalt-pornografia-molestowanie.pl\/pomocpokrzywdzonym\/wp-json\/wp\/v2\/media?parent=7"}],"curies":[{"name":"wp","href":"https:\/\/api.w.org\/{rel}","templated":true}]}}